{"id":292,"date":"2018-06-18T11:57:00","date_gmt":"2018-06-18T09:57:00","guid":{"rendered":"http:\/\/www.eltrexpro.com\/?page_id=292"},"modified":"2018-06-18T12:03:02","modified_gmt":"2018-06-18T10:03:02","slug":"declaration-de-cookie","status":"publish","type":"page","link":"https:\/\/www.eltrexpro.com\/fr\/declaration-de-cookie\/","title":{"rendered":"D\u00e9claration de Cookie"},"content":{"rendered":"<h1>D\u00e9claration de Cookie<\/h1>\n<p>Ce site utilise des cookies pour vous offrir la meilleure exp\u00e9rience en ligne. Nous respectons votre vie priv\u00e9e et ne collectons pas de donn\u00e9es personnelles sans votre autorisation. En savoir plus \u00e0 ce sujet dans notre politique de confidentialit\u00e9.<\/p>\n<h2>Qu&rsquo;est-ce qu&rsquo;un cookie?<\/h2>\n<p>Un cookie est un petit fichier texte stock\u00e9 sur votre ordinateur, tablette ou smartphone lors de votre visite sur notre site. Ce fichier texte contient des informations sur vos pr\u00e9f\u00e9rences telles que les param\u00e8tres de langue, qui seront reconnues par ce site lors d&rsquo;une visite ult\u00e9rieure. Les cookies ont diff\u00e9rentes fonctions:<\/p>\n<h3>\nCookies techniques<\/h3>\n<p>Les cookies techniques sur ce site garantissent, par exemple, que vous pouvez ajouter des produits \u00e0 votre panier et les r\u00e9gler plus tard. Ces cookies ont diff\u00e9rentes p\u00e9riodes de stockage que vous pouvez lire ici:<\/p>\n<h3>Cookies analytiques<\/h3>\n<p>Nous utilisons un programme d&rsquo;analyse Web appel\u00e9 Google Analytics qui nous permet d&rsquo;optimiser le site Web en fonction des donn\u00e9es d&rsquo;utilisation anonymes du site Web pour votre commodit\u00e9. Aucune information personnelle identifiable n&rsquo;est consult\u00e9e par la pr\u00e9sente.<\/p>\n<p>Nous ne collectons pas de donn\u00e9es personnelles aupr\u00e8s de vous au moyen de cookies de suivi, de combinaison de donn\u00e9es ou de profilage.<\/p>\n<ul>\n<li>Cookies de m\u00e9dias sociaux: on ne place pas<\/li>\n<li>Cookies de remarketing: on ne place pas<\/li>\n<\/ul>\n","protected":false},"excerpt":{"rendered":"<p>D\u00e9claration de Cookie Ce site utilise des cookies pour vous offrir la meilleure exp\u00e9rience en ligne. Nous respectons votre vie priv\u00e9e et ne collectons pas de donn\u00e9es personnelles sans votre autorisation. En savoir plus \u00e0 ce sujet dans notre politique de confidentialit\u00e9. Qu&rsquo;est-ce qu&rsquo;un cookie? Un cookie est un petit fichier texte stock\u00e9 sur votre&#8230;<\/p>\n","protected":false},"author":1,"featured_media":0,"parent":0,"menu_order":0,"comment_status":"closed","ping_status":"closed","template":"","meta":{"footnotes":""},"class_list":["post-292","page","type-page","status-publish","hentry"],"_links":{"self":[{"href":"https:\/\/www.eltrexpro.com\/fr\/wp-json\/wp\/v2\/pages\/292","targetHints":{"allow":["GET"]}}],"collection":[{"href":"https:\/\/www.eltrexpro.com\/fr\/wp-json\/wp\/v2\/pages"}],"about":[{"href":"https:\/\/www.eltrexpro.com\/fr\/wp-json\/wp\/v2\/types\/page"}],"author":[{"embeddable":true,"href":"https:\/\/www.eltrexpro.com\/fr\/wp-json\/wp\/v2\/users\/1"}],"replies":[{"embeddable":true,"href":"https:\/\/www.eltrexpro.com\/fr\/wp-json\/wp\/v2\/comments?post=292"}],"version-history":[{"count":4,"href":"https:\/\/www.eltrexpro.com\/fr\/wp-json\/wp\/v2\/pages\/292\/revisions"}],"predecessor-version":[{"id":304,"href":"https:\/\/www.eltrexpro.com\/fr\/wp-json\/wp\/v2\/pages\/292\/revisions\/304"}],"wp:attachment":[{"href":"https:\/\/www.eltrexpro.com\/fr\/wp-json\/wp\/v2\/media?parent=292"}],"curies":[{"name":"wp","href":"https:\/\/api.w.org\/{rel}","templated":true}]}}