{"id":272,"date":"2018-06-18T11:47:31","date_gmt":"2018-06-18T09:47:31","guid":{"rendered":"http:\/\/www.eltrexpro.com\/?page_id=272"},"modified":"2018-06-18T11:47:45","modified_gmt":"2018-06-18T09:47:45","slug":"politique-de-confidentialite","status":"publish","type":"page","link":"https:\/\/www.eltrexpro.com\/fr\/politique-de-confidentialite\/","title":{"rendered":"Politique de Confidentialit\u00e9"},"content":{"rendered":"<h1>Politique de confidentialit\u00e9 et cookies<\/h1>\n<p>Le pr\u00e9sent site utilise des cookies pour vous offrir la meilleure exp\u00e9rience en ligne. Nous respectons votre vie priv\u00e9e et ne collectons pas de donn\u00e9es \u00e0 caract\u00e8re personnel sans votre consentement. Pour en savoir plus \u00e0 ce sujet, consultez notre politique de confidentialit\u00e9.<\/p>\n<h2>Qu&rsquo;est-ce qu&rsquo;un cookie?<\/h2>\n<p>Un cookie est un petit fichier texte qui est stock\u00e9 sur votre ordinateur, tablette ou smartphone lors de votre visite sur notre site internet. Ce fichier texte contient des informations sur vos pr\u00e9f\u00e9rences telles que les param\u00e8tres de langue, qui seront reconnues par ce site internet lors d&rsquo;une visite ult\u00e9rieure. Les cookies ont diff\u00e9rentes fonctions:<\/p>\n<h3>Cookies techniques<\/h3>\n<p>Les cookies techniques de ce site vous permettent, par exemple, d&rsquo;ajouter des produits \u00e0 votre panier et de les payer ult\u00e9rieurement. Ces cookies ont diff\u00e9rentes p\u00e9riodes de stockage que vous pouvez consulter ici :<\/p>\n<h3>Cookies analytiques<\/h3>\n<p>Nous utilisons un programme d&rsquo;analyse internet appel\u00e9 Google Analytics, qui nous permet d&rsquo;optimiser le site pour votre commodit\u00e9, \u00e0 partir de donn\u00e9es anonymes sur l&rsquo;utilisation du site. Aucune information personnelle identifiable n&rsquo;est consult\u00e9e au cours de ce processus.<\/p>\n<p>Nous ne collectons pas de donn\u00e9es \u00e0 caract\u00e8re personnel vous concernant par le biais de cookies de suivi, de combinaisons de donn\u00e9es ou de profilage.<\/p>\n<ul>\n<li>Cookies pour r\u00e9seaux sociaux: nous n&rsquo;en pla\u00e7ons pas<\/li>\n<li>Cookies de remarketing: nous n&rsquo;en pla\u00e7ons pas<\/li>\n<\/ul>\n<h2>Politique de confidentialit\u00e9<\/h2>\n<p>Cette d\u00e9claration de confidentialit\u00e9 s&rsquo;applique \u00e0 Telerex Nederland B.V. et Telerex N.V., qui font partie du groupe Eight Lakes. Le groupe Eight Lakes est un nom g\u00e9n\u00e9rique pour un groupe d&rsquo;entreprises qui font des affaires \u00e0 partir de leur propre cadre juridique, par exemple dans leur propre pays ou selon leurs propres conditions de march\u00e9.<\/p>\n<p>Le groupe Eight Lakes se r\u00e9serve le droit de modifier la pr\u00e9sente Politique de confidentialit\u00e9. Sur cette page, vous trouverez toujours la politique de confidentialit\u00e9 la plus r\u00e9cente.<\/p>\n<h3>Informations g\u00e9n\u00e9rales<\/h3>\n<p>Nous respectons la vie priv\u00e9e de tous les utilisateurs de nos sites internet et nous nous assurons que les informations \u00e0 caract\u00e8re personnel que vous nous fournissez explicitement sont trait\u00e9s de mani\u00e8re confidentielle. Nous ne collectons aucune donn\u00e9e \u00e0 caract\u00e8re personnel sans votre consentement explicite.<\/p>\n<h3>Collecte des donn\u00e9es<\/h3>\n<p>Lors de la cr\u00e9ation d&rsquo;un compte d&rsquo;achat, le client accepte que Telerex collecte et traite des donn\u00e9es que les utilisateurs du site internet peuvent identifier. Telerex d\u00e9clare que ces donn\u00e9es sont utilis\u00e9es uniquement afin de rendre possible, via le site Internet, la bonne gestion des contrats, l&rsquo;am\u00e9lioration des services et une meilleure compr\u00e9hension et un meilleur traitement des souhaits et demandes personnels.<\/p>\n<h3>Stockage des donn\u00e9es \u00e0 caract\u00e8re personnel<\/h3>\n<p>Sur les sites web du groupe Eight Lakes, il existe plusieurs possibilit\u00e9s de nous contacter et de partager vos coordonn\u00e9es avec nous.<\/p>\n<ul>\n<li>Si vous ne nous contactez pas, nous respectons votre vie priv\u00e9e et n&rsquo;enregistrons aucune donn\u00e9e vous concernant.<\/li>\n<li>Si vous nous contactez, nous enregistrerons les donn\u00e9es \u00e0 caract\u00e8re personnel, avec les p\u00e9riodes de conservation suivantes :<\/li>\n<\/ul>\n<table>\n<tbody>\n<tr>\n<td>Formulaire de contact<\/td>\n<td>Donn\u00e9es \u00e0 caract\u00e8re personnel<\/td>\n<td>D\u00e9lai de conservation<\/td>\n<td>Fondement<\/td>\n<\/tr>\n<tr>\n<td>Demande d&rsquo;information<\/td>\n<td>Nom de l&rsquo;entreprise, adresse, votre nom, votre adresse \u00e9lectronique<\/td>\n<td>24 mois au maximum,<br \/>\nS&rsquo;il s&rsquo;agit d&rsquo;une relation commerciale, ce d\u00e9lai est port\u00e9 \u00e0 7 ans au minimum<\/td>\n<td>Le traitement est n\u00e9cessaire pour l&rsquo;ex\u00e9cution d&rsquo;un contrat ou pour la phase pr\u00e9contractuelle : par exemple, lorsque vous demandez un devis<\/td>\n<\/tr>\n<tr>\n<td>Cr\u00e9ation d&rsquo;un compte (d&rsquo;achat)<\/td>\n<td>Clause d&rsquo;adh\u00e9sion, nom de la soci\u00e9t\u00e9, adresse, votre nom, votre adresse \u00e9lectronique<\/td>\n<td>7 ans au minimum<\/td>\n<td>Le traitement est n\u00e9cessaire \u00e0 l&rsquo;ex\u00e9cution d&rsquo;un contrat : par exemple, le traitement des commandes, des demandes, le contact avec le client ou l&rsquo;administration fiscale<\/td>\n<\/tr>\n<tr>\n<td>Formulaire de demande d&#8217;emploi<\/td>\n<td>Vos nom, adresse, adresse \u00e9lectronique, num\u00e9ro de t\u00e9l\u00e9phone, date de naissance, CV<\/td>\n<td>1 an au maximum<\/td>\n<td>Le traitement est autoris\u00e9 sur la base du consentement du demandeur d&#8217;emploi vis-\u00e0-vis de sa candidature<\/td>\n<\/tr>\n<tr>\n<td>Inscription \u00e0 la lettre d&rsquo;information<\/td>\n<td>Clause d&rsquo;adh\u00e9sion, nom de la soci\u00e9t\u00e9, adresse, votre nom, votre adresse \u00e9lectronique<\/td>\n<td>Dur\u00e9e ind\u00e9termin\u00e9e<br \/>\nIl est toujours possible de se d\u00e9sabonner<\/td>\n<td>Le traitement est autoris\u00e9 sur la base de la repr\u00e9sentation de l&rsquo;int\u00e9r\u00eat l\u00e9gitime et du consentement d&rsquo;envoyer des lettres d&rsquo;information<\/td>\n<\/tr>\n<\/tbody>\n<\/table>\n<h3>Traitement des donn\u00e9es \u00e0 caract\u00e8re personnel<\/h3>\n<p>Telerex reconna\u00eet la responsabilit\u00e9 de l&rsquo;utilisation des donn\u00e9es \u00e0 caract\u00e8re personnel. Telerex d\u00e9clare respecter cette responsabilit\u00e9 et ne partagera pas, sans le consentement du client, les donn\u00e9es \u00e0 caract\u00e8re personnel avec d&rsquo;autres soci\u00e9t\u00e9s en dehors du groupe Eight Lakes.<\/p>\n<h3>D\u00e9lai de conservation<\/h3>\n<p>Votre compte d&rsquo;achat restera dans notre syst\u00e8me pendant un certain temps. Vous avez le droit de faire supprimer ce compte d&rsquo;achat \u00e0 tout moment.<\/p>\n<h3>Suppression des donn\u00e9es \u00e0 caract\u00e8re personnel<\/h3>\n<p>Vous pouvez nous contacter pour demander la suppression de vos donn\u00e9es \u00e0 caract\u00e8re personnel. Afin de pr\u00e9venir les abus, nous pouvons vous demander de vous identifier de mani\u00e8re ad\u00e9quate en soumettant vos donn\u00e9es \u00e0 caract\u00e8re personnel, de mani\u00e8re \u00e0 ce que nous puissions vous identifier dans nos syst\u00e8mes ainsi que dans le cas de mat\u00e9riel visuel. Apr\u00e8s l&rsquo;effacement de vos donn\u00e9es \u00e0 caract\u00e8re personnel, vous devez tenir compte du fait que vous ne pourrez plus utiliser nos services et que vos droits s&rsquo;\u00e9teindront parce qu&rsquo;ils ne sont plus identifiables \u00e0 une personne. Lorsqu&rsquo;il s&rsquo;agit d&rsquo;acc\u00e9der \u00e0 des donn\u00e9es \u00e0 caract\u00e8re personnel li\u00e9es \u00e0 un cookie, vous devez envoyer une copie du cookie concern\u00e9. Vous pouvez les trouver dans les param\u00e8tres de votre navigateur.<\/p>\n<h3>Acc\u00e8s aux donn\u00e9es \u00e0 caract\u00e8re personnel<\/h3>\n<p>Le client a le droit d&rsquo;acc\u00e9der \u00e0 ses propres donn\u00e9es \u00e0 caract\u00e8re personnel \u00e0 des intervalles raisonnables. Le client peut \u00e9galement demander \u00e0 tout moment que ses propres donn\u00e9es \u00e0 caract\u00e8re personnel soient corrig\u00e9es si elles sont incorrectes ou incompl\u00e8tes.<\/p>\n<h3>Portabilit\u00e9 des donn\u00e9es<\/h3>\n<p>Le client a le droit de faire appel au groupe Eight Lakes pour obtenir les donn\u00e9es \u00e0 caract\u00e8re personnel qu&rsquo;il a fournies. Si ces donn\u00e9es contiennent des donn\u00e9es \u00e0 caract\u00e8re personnel d&rsquo;autres personnes concern\u00e9es, elles seront exclues du transfert. Il n&rsquo;est pas possible d&rsquo;y ajouter des donn\u00e9es anonymis\u00e9es.<\/p>\n<h3>Droit d&rsquo;opposition<\/h3>\n<p>Le client peut \u00e9galement s&rsquo;opposer ult\u00e9rieurement \u00e0 la collecte de ses donn\u00e9es personnelles. Telerex arr\u00eatera alors imm\u00e9diatement la collecte et supprimera les donn\u00e9es. Sans ces donn\u00e9es, il n&rsquo;est cependant pas possible d&rsquo;identifier le client sur le site Internet. Pour ces raisons, la suppression des donn\u00e9es personnelles entra\u00eenera \u00e9galement l&rsquo;expiration du compte de connexion.<\/p>\n<h3>Protection des donn\u00e9es \u00e0 caract\u00e8re personnel<\/h3>\n<p>Nous avons pris des mesures afin de prot\u00e9ger vos donn\u00e9es \u00e0 caract\u00e8re personnel. Vos donn\u00e9es sont conserv\u00e9es dans un environnement s\u00e9curis\u00e9.<\/p>\n<h3>Signalisation de fuites de donn\u00e9es<\/h3>\n<p>Le d\u00e9l\u00e9gu\u00e9 \u00e0 la protection des donn\u00e9es (DPO\/Data Protection Officer) peut \u00eatre joint par courriel \u00e0 l&rsquo;adresse <a href=\"mailto:privacy@8-lakes.com\">privacy@8-lakes.com<\/a> ou \u00e0 l&rsquo;adresse ci-dessous.<\/p>\n<ul>\n<li>Data Protection Officer<br \/>\nMinervum 7139<br \/>\n4817 ZN BREDA<br \/>\nPays-Bas<\/li>\n<\/ul>\n<h2>Politique de cookies<\/h2>\n<p>La pr\u00e9sente politique en mati\u00e8re de cookies d\u00e9crit les cookies utilis\u00e9s sur le site internet, et leur p\u00e9riode de conservation.<\/p>\n<p>Le pr\u00e9sent site internet utilise les cookies fonctionnels suivants :<\/p>\n<table>\n<tbody>\n<tr>\n<td>Nom du cookie<\/td>\n<td>Description<\/td>\n<td>Dur\u00e9e<\/td>\n<\/tr>\n<tr>\n<td>_icl_current_language<\/td>\n<td>Les cookies de session sont utilis\u00e9s par le serveur pour stocker des informations sur les activit\u00e9s de la page de l&rsquo;utilisateur. L&rsquo;identificateur anonyme de la session en cours est crypt\u00e9 dans les cookies de session et ne contient aucune information \u00e0 caract\u00e8re personnel sous forme non crypt\u00e9e.<\/td>\n<td>Le cookie de session est stock\u00e9 dans la m\u00e9moire temporaire et est supprim\u00e9 lorsqu&rsquo;un utilisateur ferme le navigateur internet.<\/td>\n<\/tr>\n<tr>\n<td><\/td>\n<td><\/td>\n<td><\/td>\n<\/tr>\n<tr>\n<td><\/td>\n<td><\/td>\n<td><\/td>\n<\/tr>\n<tr>\n<td><\/td>\n<td><\/td>\n<td><\/td>\n<\/tr>\n<tr>\n<td><\/td>\n<td><\/td>\n<td><\/td>\n<\/tr>\n<\/tbody>\n<\/table>\n<h3>Google Analytics utilise les cookies analytiques suivants<\/h3>\n<p>Notre site internet utilise Google Analytics, un service qui envoie des donn\u00e9es sur le trafic sur notre site aux serveurs de Google. Google Analytics n&rsquo;identifie pas les utilisateurs individuels et n&rsquo;associe pas votre adresse IP \u00e0 d&rsquo;autres donn\u00e9es d\u00e9tenues par Google. Nous utilisons les rapports que Google Analytics met \u00e0 notre disposition pour comprendre comment nos pages internet sont visit\u00e9es et utilis\u00e9es.<\/p>\n<p>En utilisant le pr\u00e9sent site internet, vous consentez au traitement de vos donn\u00e9es de la mani\u00e8re d\u00e9crite par Google dans la <a href=\"http:\/\/www.google.com\/policies\/privacy\/\">Google&rsquo;s Privacy Policy<\/a> et pour les finalit\u00e9s telles que d\u00e9crites ci-dessus. Vous pouvez vous d\u00e9sabonner de Google Analytics en refusant ou d\u00e9sactivant le cookie, le script Java ou <a href=\"https:\/\/tools.google.com\/dlpage\/gaoptout\">que vous utilisez l&rsquo;option de d\u00e9sinscription de Google<\/a>.<\/p>\n","protected":false},"excerpt":{"rendered":"<p>Politique de confidentialit\u00e9 et cookies Le pr\u00e9sent site utilise des cookies pour vous offrir la meilleure exp\u00e9rience en ligne. Nous respectons votre vie priv\u00e9e et ne collectons pas de donn\u00e9es \u00e0 caract\u00e8re personnel sans votre consentement. Pour en savoir plus \u00e0 ce sujet, consultez notre politique de confidentialit\u00e9. Qu&rsquo;est-ce qu&rsquo;un cookie? Un cookie est un&#8230;<\/p>\n","protected":false},"author":1,"featured_media":0,"parent":0,"menu_order":0,"comment_status":"closed","ping_status":"closed","template":"","meta":{"footnotes":""},"class_list":["post-272","page","type-page","status-publish","hentry"],"_links":{"self":[{"href":"https:\/\/www.eltrexpro.com\/fr\/wp-json\/wp\/v2\/pages\/272","targetHints":{"allow":["GET"]}}],"collection":[{"href":"https:\/\/www.eltrexpro.com\/fr\/wp-json\/wp\/v2\/pages"}],"about":[{"href":"https:\/\/www.eltrexpro.com\/fr\/wp-json\/wp\/v2\/types\/page"}],"author":[{"embeddable":true,"href":"https:\/\/www.eltrexpro.com\/fr\/wp-json\/wp\/v2\/users\/1"}],"replies":[{"embeddable":true,"href":"https:\/\/www.eltrexpro.com\/fr\/wp-json\/wp\/v2\/comments?post=272"}],"version-history":[{"count":2,"href":"https:\/\/www.eltrexpro.com\/fr\/wp-json\/wp\/v2\/pages\/272\/revisions"}],"predecessor-version":[{"id":291,"href":"https:\/\/www.eltrexpro.com\/fr\/wp-json\/wp\/v2\/pages\/272\/revisions\/291"}],"wp:attachment":[{"href":"https:\/\/www.eltrexpro.com\/fr\/wp-json\/wp\/v2\/media?parent=272"}],"curies":[{"name":"wp","href":"https:\/\/api.w.org\/{rel}","templated":true}]}}